{"id":605,"date":"2024-09-11T12:38:30","date_gmt":"2024-09-11T11:38:30","guid":{"rendered":"https:\/\/theatertangstedt.de\/?page_id=605"},"modified":"2024-09-11T12:47:33","modified_gmt":"2024-09-11T11:47:33","slug":"mitglied-werden","status":"publish","type":"page","link":"https:\/\/theatertangstedt.de\/?page_id=605","title":{"rendered":"Mitglied werden"},"content":{"rendered":"\n<p>Wir freuen uns, dass Sie sich f\u00fcr eine Mitgliedschaft bei unserer B\u00fchne interessieren. Die entsprechenden Formulare erhalten Sie hier:<\/p>\n\n\n\n<p><a href=\"https:\/\/theatertangstedt.de\/wp-content\/uploads\/2024\/09\/Eintrittserklaerung-A4.pdf\" target=\"_blank\" rel=\"noreferrer noopener\">Aufnahmeantrag<\/a><br><a href=\"https:\/\/theatertangstedt.de\/wp-content\/uploads\/2024\/09\/Satzung-vom-13.04.16.pdf\" data-type=\"link\" data-id=\"https:\/\/theatertangstedt.de\/wp-content\/uploads\/2024\/09\/Satzung-vom-13.04.16.pdf\">Satzung<\/a><\/p>\n\n\n\n<p>Laden Sie sich den Mitgliedsantrag als PDF-Datei auf Ihren Computer  und f\u00fcllen Sie ihn aus. Den unterschriebenen Antrag k\u00f6nnen Sie uns per Post, per eMail oder pers\u00f6nlich bei einer unserer Auff\u00fchrungen zukommen lassen.<\/p>\n\n\n\n<p>Plattd\u00fctsche B\u00fchn&#8216; Tangstedt e. V.<br>Georg Sellhorn<br>Hans-Stender-Weg 7<br>22889 Tangstedt<br>eMail: pbtangstedt@t-online.de<\/p>\n","protected":false},"excerpt":{"rendered":"<p>Wir freuen uns, dass Sie sich f\u00fcr eine Mitgliedschaft bei unserer B\u00fchne interessieren. Die entsprechenden Formulare erhalten Sie hier: AufnahmeantragSatzung Laden Sie sich den Mitgliedsantrag als PDF-Datei auf Ihren Computer und f\u00fcllen Sie ihn aus. Den unterschriebenen Antrag k\u00f6nnen Sie uns per Post, per eMail oder pers\u00f6nlich bei einer unserer Auff\u00fchrungen zukommen lassen. Plattd\u00fctsche B\u00fchn&#8216; &hellip; <\/p>\n<p class=\"link-more\"><a href=\"https:\/\/theatertangstedt.de\/?page_id=605\" class=\"more-link\"><span class=\"screen-reader-text\">\u201eMitglied werden\u201c<\/span> weiterlesen<\/a><\/p>\n","protected":false},"author":1,"featured_media":0,"parent":0,"menu_order":0,"comment_status":"closed","ping_status":"closed","template":"","meta":{"footnotes":""},"class_list":["post-605","page","type-page","status-publish","hentry"],"_links":{"self":[{"href":"https:\/\/theatertangstedt.de\/index.php?rest_route=\/wp\/v2\/pages\/605","targetHints":{"allow":["GET"]}}],"collection":[{"href":"https:\/\/theatertangstedt.de\/index.php?rest_route=\/wp\/v2\/pages"}],"about":[{"href":"https:\/\/theatertangstedt.de\/index.php?rest_route=\/wp\/v2\/types\/page"}],"author":[{"embeddable":true,"href":"https:\/\/theatertangstedt.de\/index.php?rest_route=\/wp\/v2\/users\/1"}],"replies":[{"embeddable":true,"href":"https:\/\/theatertangstedt.de\/index.php?rest_route=%2Fwp%2Fv2%2Fcomments&post=605"}],"version-history":[{"count":6,"href":"https:\/\/theatertangstedt.de\/index.php?rest_route=\/wp\/v2\/pages\/605\/revisions"}],"predecessor-version":[{"id":614,"href":"https:\/\/theatertangstedt.de\/index.php?rest_route=\/wp\/v2\/pages\/605\/revisions\/614"}],"wp:attachment":[{"href":"https:\/\/theatertangstedt.de\/index.php?rest_route=%2Fwp%2Fv2%2Fmedia&parent=605"}],"curies":[{"name":"wp","href":"https:\/\/api.w.org\/{rel}","templated":true}]}}